{"id":253,"date":"2022-07-07T10:37:53","date_gmt":"2022-07-07T10:37:53","guid":{"rendered":"http:\/\/test.jubilejas.lv\/?page_id=253&#038;lang=ru"},"modified":"2022-07-08T07:40:31","modified_gmt":"2022-07-08T05:40:31","slug":"we-recommend","status":"publish","type":"page","link":"https:\/\/www.jubilejas.lv\/ru\/we-recommend\/","title":{"rendered":"\u041f\u043e\u043b\u0435\u0437\u043d\u043e"},"content":{"rendered":"\r\n<p><strong><a title=\"Dz\u012bvok\u013ca \u012bpa\u0161uma likums.\" href=\"http:\/\/likumi.lv\/doc.php?id=221382\" target=\"_blank\" rel=\"noopener\">\u0417\u0430\u043a\u043e\u043d \u043e \u043a\u0432\u0430\u0440\u0442\u0438\u0440\u043d\u043e\u0439 \u0441\u043e\u0431\u0441\u0442\u0432\u0435\u043d\u043d\u043e\u0441\u0442\u0438.<\/a><\/strong><\/p>\r\n<p><strong><a title=\"Dz\u012bvojamo m\u0101ju p\u0101rvald\u012b\u0161anas likums\" href=\"http:\/\/likumi.lv\/doc.php?id=193573\" target=\"_blank\" rel=\"noopener\">\u0417\u0430\u043a\u043e\u043d \u0443\u043f\u0440\u0430\u0432\u043b\u0435\u043d\u0438\u044f \u0436\u0438\u043b\u044b\u043c \u0434\u043e\u043c\u043e\u043c.<\/a><\/strong><\/p>\r\n<p><strong><a href=\"http:\/\/www.delfi.lv\/domsad\/repairs\/otkuda-beretsya-plesen-i-kak-s-nej-borotsya.d?id=43289201\" target=\"_blank\" rel=\"noopener\">\u041e\u0442\u043a\u0443\u0434\u0430 \u0431\u0435\u0440\u0435\u0442\u0441\u044f \u043f\u043b\u0435\u0441\u0435\u043d\u044c \u0438 \u043a\u0430\u043a \u0441 \u043d\u0435\u0439 \u0431\u043e\u0440\u043e\u0442\u044c\u0441\u044f?<\/a><\/strong><\/p>\r\n<p><strong><a href=\"http:\/\/www.delfi.lv\/biznes\/bnews\/pered-prodazhej-kvartiry-nuzhno-budet-pogasit-vse-kommunalnye-dolgi.d?id=43576071\" target=\"_blank\" rel=\"noopener\">\u041f\u0435\u0440\u0435\u0434 \u043f\u0440\u043e\u0434\u0430\u0436\u0435\u0439 \u043a\u0432\u0430\u0440\u0442\u0438\u0440\u044b \u043d\u0443\u0436\u043d\u043e \u043f\u043e\u0433\u0430\u0441\u0438\u0442\u044c \u0432\u0441\u0435 \u0434\u043e\u043b\u0433\u0438<\/a><\/strong><\/p>\r\n","protected":false},"excerpt":{"rendered":"<p>\u0417\u0430\u043a\u043e\u043d \u043e \u043a\u0432\u0430\u0440\u0442\u0438\u0440\u043d\u043e\u0439 \u0441\u043e\u0431\u0441\u0442\u0432\u0435\u043d\u043d\u043e\u0441\u0442\u0438. \u0417\u0430\u043a\u043e\u043d \u0443\u043f\u0440\u0430\u0432\u043b\u0435\u043d\u0438\u044f \u0436\u0438\u043b\u044b\u043c \u0434\u043e\u043c\u043e\u043c. \u041e\u0442\u043a\u0443\u0434\u0430 \u0431\u0435\u0440\u0435\u0442\u0441\u044f \u043f\u043b\u0435\u0441\u0435\u043d\u044c \u0438 \u043a\u0430\u043a \u0441 \u043d\u0435\u0439 \u0431\u043e\u0440\u043e\u0442\u044c\u0441\u044f? \u041f\u0435\u0440\u0435\u0434 \u043f\u0440\u043e\u0434\u0430\u0436\u0435\u0439 \u043a\u0432\u0430\u0440\u0442\u0438\u0440\u044b \u043d\u0443\u0436\u043d\u043e \u043f\u043e\u0433\u0430\u0441\u0438\u0442\u044c \u0432\u0441\u0435 \u0434\u043e\u043b\u0433\u0438<\/p>\n","protected":false},"author":1,"featured_media":1026,"parent":0,"menu_order":0,"comment_status":"closed","ping_status":"closed","template":"","meta":{"footnotes":""},"class_list":["post-253","page","type-page","status-publish","has-post-thumbnail","hentry"],"_links":{"self":[{"href":"https:\/\/www.jubilejas.lv\/ru\/wp-json\/wp\/v2\/pages\/253","targetHints":{"allow":["GET"]}}],"collection":[{"href":"https:\/\/www.jubilejas.lv\/ru\/wp-json\/wp\/v2\/pages"}],"about":[{"href":"https:\/\/www.jubilejas.lv\/ru\/wp-json\/wp\/v2\/types\/page"}],"author":[{"embeddable":true,"href":"https:\/\/www.jubilejas.lv\/ru\/wp-json\/wp\/v2\/users\/1"}],"replies":[{"embeddable":true,"href":"https:\/\/www.jubilejas.lv\/ru\/wp-json\/wp\/v2\/comments?post=253"}],"version-history":[{"count":4,"href":"https:\/\/www.jubilejas.lv\/ru\/wp-json\/wp\/v2\/pages\/253\/revisions"}],"predecessor-version":[{"id":742,"href":"https:\/\/www.jubilejas.lv\/ru\/wp-json\/wp\/v2\/pages\/253\/revisions\/742"}],"wp:featuredmedia":[{"embeddable":true,"href":"https:\/\/www.jubilejas.lv\/ru\/wp-json\/wp\/v2\/media\/1026"}],"wp:attachment":[{"href":"https:\/\/www.jubilejas.lv\/ru\/wp-json\/wp\/v2\/media?parent=253"}],"curies":[{"name":"wp","href":"https:\/\/api.w.org\/{rel}","templated":true}]}}