{"id":1048,"date":"2022-08-09T12:23:05","date_gmt":"2022-08-09T10:23:05","guid":{"rendered":"https:\/\/www.jubilejas.lv\/ru\/?page_id=1048"},"modified":"2022-08-09T12:36:20","modified_gmt":"2022-08-09T10:36:20","slug":"privatuma-politika-nomnieki","status":"publish","type":"page","link":"https:\/\/www.jubilejas.lv\/ru\/privatuma-politika-nomnieki\/","title":{"rendered":"Priv\u0101tuma Politika &#8212; Nomnieki, Pieg\u0101d\u0101t\u0101ji"},"content":{"rendered":"<p><strong>PRIV\u0100TUMA POLITIKA<\/strong><\/p>\n<p><strong>\u00a0<\/strong><\/p>\n<p>\u0160\u012bs priv\u0101tuma politikas m\u0113r\u0137is ir sniegt fizisk\u0101m person\u0101m (datu subjektiem) \u2013 <strong>Dz\u012bvok\u013cu \u012bpa\u0161nieku kooperat\u012bv\u0101s sabiedr\u012bbas \u201cJubilejas\u201d pieg\u0101d\u0101t\u0101jiem, nomniekiem, \u012brniekiem un zemes \u012bpa\u0161niekiem <\/strong>inform\u0101ciju par personas datu apstr\u0101des nol\u016bkiem, apjomu, aizsardz\u012bbu, apstr\u0101des termi\u0146u un datu subjekta ties\u012bb\u0101m par vi\u0146u personas datu apstr\u0101di saska\u0146\u0101 ar Eiropas Parlamenta un Padomes 2016.gada 27.apr\u012b\u013ca Regulu 2016\/679 par fizisku personu aizsardz\u012bbu attiec\u012bb\u0101 uz personas datu apstr\u0101di un \u0161\u0101du datu br\u012bvu apriti un ar ko atce\u013c Direkt\u012bvu 95\/46\/EK (turpm\u0101k \u2013 VDAR) un Fizisko personu datu apstr\u0101des likumu.<\/p>\n<p>&nbsp;<\/p>\n<ol>\n<li><strong>Kas apstr\u0101d\u0101 J\u016bsu personas datus?<\/strong><\/li>\n<\/ol>\n<p>Personas datu p\u0101rzinis \u2013 <strong>Dz\u012bvok\u013cu \u012bpa\u0161nieku kooperat\u012bv\u0101 sabiedr\u012bba \u201cJubilejas\u201d, re\u0123istr\u0101cijas Nr.4000309461 (turpm\u0101k \u2013 Kooperat\u012bvs)<\/strong>. <strong>P\u0101rzi\u0146a kontaktinform\u0101cija<\/strong> \u2013 juridisk\u0101 adrese: Andreja Saharova iela 3-1, R\u012bga, LV-1082; t\u0101lr. +371 29447141; e-pasts: jubilejas@jubilejas.lv.<\/p>\n<p>&nbsp;<\/p>\n<ol start=\"2\">\n<li><strong>K\u0101dus pieg\u0101d\u0101t\u0101ju, nomnieku, \u012brnieku un zemes \u012bpa\u0161nieku personas datus Kooperat\u012bvs apstr\u0101d\u0101?<\/strong><\/li>\n<\/ol>\n<table width=\"614\">\n<tbody>\n<tr>\n<td width=\"180\"><strong>Personas datu kategorija<\/strong><\/td>\n<td width=\"435\"><strong>Paskaidrojums, piem\u0113ri<\/strong><\/td>\n<\/tr>\n<tr>\n<td width=\"180\">Identifik\u0101cijas dati<\/td>\n<td width=\"435\">V\u0101rds, uzv\u0101rds, personas kods, paraksts<\/td>\n<\/tr>\n<tr>\n<td width=\"180\">Kontaktinform\u0101cija<\/td>\n<td width=\"435\">adrese, t\u0101lr., e-pasts<\/td>\n<\/tr>\n<tr>\n<td width=\"180\">Nor\u0113\u0137inu dati<\/td>\n<td width=\"435\">Kred\u012btiest\u0101des vai citas nor\u0113\u0137inu iest\u0101des nosaukums, nor\u0113\u0137inu konta Nr.<\/td>\n<\/tr>\n<tr>\n<td width=\"180\">\u012apa\u0161uma dati<\/td>\n<td width=\"435\">Dati par personai piedero\u0161ajiem nekustamajiem \u012bpa\u0161umiem, t.sk. \u012bpa\u0161uma sast\u0101vs, adrese, kadastra Nr., Kooperat\u012bva p\u0101rvald\u012b\u0161an\u0101 eso\u0161aj\u0101s dz\u012bvojam\u0101s m\u0101j\u0101s.<\/td>\n<\/tr>\n<tr>\n<td width=\"180\">Saist\u012bbu izpildes dati<\/td>\n<td width=\"435\">Inform\u0101cija par saist\u012bbu izpildi, t.sk. par\u0101du apm\u0113ru, nor\u0113\u0137inu laiku.<\/td>\n<\/tr>\n<tr>\n<td width=\"180\">Atl\u012bdz\u012bba<\/td>\n<td width=\"435\">Samaksa vai atl\u012bdz\u012bba par pieg\u0101d\u0101taj\u0101m prec\u0113m vai pakalpojumiem, kas personai tiek veikta vai ko persona veic pamatojoties uz pre\u010du p\u0101ro\u0161anas l\u012bgumu, uz\u0146\u0113muma l\u012bgumu, autoratl\u012bdz\u012bbu vai citu dar\u012bjumu, t.sk. apr\u0113\u0137in\u0101tie nodok\u013cu maks\u0101jumi.<\/td>\n<\/tr>\n<tr>\n<td width=\"180\">Izpild\u012bjuma dati<\/td>\n<td width=\"435\">Izpild\u012btais darba apjoms, pie\u0146em\u0161anas \u2013 nodo\u0161anas akta dati.<\/td>\n<\/tr>\n<tr>\n<td width=\"180\">Amats<\/td>\n<td width=\"435\">Profesija, ie\u0146emamais amats vai statuss.<\/td>\n<\/tr>\n<\/tbody>\n<\/table>\n<p>&nbsp;<\/p>\n<ul>\n<li>Kooperat\u012bvs apstr\u0101d\u0101 \u0161\u0101dus <strong>nomnieku un \u012brnieku<\/strong> (personas, kuras nom\u0101 vai \u012br\u0113 telpas no Kooperat\u012bva) personas datus: identifik\u0101cijas dati, kontaktinform\u0101cija, atl\u012bdz\u012bba, nor\u0113\u0137inu dati, pat\u0113r\u0113to komun\u0101lo pakalpojumu dati, amats, saist\u012bbu izpildes dati.<\/li>\n<li>Kooperat\u012bvs apstr\u0101d\u0101 \u0161\u0101dus <strong>pieg\u0101d\u0101t\u0101ju<\/strong> (personas, kuras p\u0101rdod preces vai sniedz pakalpojumus Kooperat\u012bvam) personas datus: identifik\u0101cijas dati, amats, kontaktinform\u0101cija, kvalifik\u0101cijas dati, atl\u012bdz\u012bba, saist\u012bbu izpildes dati, izpild\u012bjuma dati un nor\u0113\u0137inu dati, atl\u012bdz\u012bba.<\/li>\n<li>Kooperat\u012bvs apstr\u0101d\u0101 \u0161\u0101dus <strong>zemes \u012bpa\u0161nieku <\/strong>(persona, kurai pieder zeme zem Kooperat\u012bva p\u0101rvald\u012b\u0161an\u0101 eso\u0161aj\u0101m m\u0101j\u0101m vai piegu\u013co\u0161aj\u0101 teritorij\u0101) personas datus: identifik\u0101cijas dati, Kontaktinform\u0101cija, \u012bpa\u0161uma dati, atl\u012bdz\u012bba, saist\u012bbu izpildes dati.<\/li>\n<li>Gad\u012bjumos, kad nomnieks un \u012brnieks, pieg\u0101d\u0101t\u0101js vai zemes \u012bpa\u0161nieks ir juridiska persona, Kooperat\u012bva r\u012bc\u012bb\u0101 var\u0113tu b\u016bt \u0161\u0101di \u0161o personu kontaktpersonu dati: identifik\u0101cijas dati, kontaktinform\u0101cija un amats.<\/li>\n<\/ul>\n<p>&nbsp;<\/p>\n<ol start=\"3\">\n<li><strong>K\u0101dos nol\u016bkos m\u0113s apstr\u0101d\u0101jam J\u016bsu personas datus?<\/strong>\n<ul>\n<li>Kooperat\u012bvs apstr\u0101d\u0101 <strong>nomnieku un \u012brnieku<\/strong> personas datus \u0161\u0101dos nol\u016bkos:\n<ul>\n<li>gr\u0101matved\u012bbas organiz\u0101cijai un k\u0101rto\u0161anai (bankas oper\u0101ciju veik\u0161ana un to uzskaite, gr\u0101matved\u012bbas uzskaite un re\u0123istru ve\u0161ana, normat\u012bvajos aktos paredz\u0113to ikm\u0113ne\u0161a, ceturk\u0161\u0146a un gada atskai\u0161u iesnieg\u0161ana);<\/li>\n<li>Kooperat\u012bva administrat\u012bv\u0101s un saimniecisk\u0101s darb\u012bbas nodro\u0161in\u0101\u0161anai (Kooperat\u012bva \u012bpa\u0161uma iz\u012br\u0113\u0161ana un iznom\u0101\u0161ana);<\/li>\n<li>Lai nodro\u0161in\u0101tu Kooperat\u012bva intere\u0161u aizsardz\u012bbu (v\u0113r\u0161an\u0101s ties\u012bbsarg\u0101jo\u0161aj\u0101s iest\u0101d\u0113s un ties\u0101s p\u0101rzi\u0146a intere\u0161u aizsardz\u012bbai, par\u0101du piedzi\u0146a);<\/li>\n<li>Personas datu apstr\u0101des un aizsardz\u012bbas sist\u0113mas uztur\u0113\u0161ana (inform\u0113\u0161ana par Kooperat\u012bva veikto personas datu apstr\u0101di);<\/li>\n<li>Dz\u012bvojamo m\u0101ju p\u0101rvald\u012b\u0161anas funkciju pild\u012b\u0161ana (dz\u012bvojam\u0101s m\u0101jas uztur\u0113\u0161ana (fiziska saglab\u0101\u0161ana) atbilsto\u0161i normat\u012bvo aktu pras\u012bb\u0101m, pat\u0113r\u0113to komun\u0101lo pakalpojumu apr\u0113\u0137in\u0101\u0161ana un sadale);<\/li>\n<li>Kooperat\u012bva pamatdarb\u012bbas dokumentu aprite (biedru kopsapulces un to protokol\u0113\u0161ana, k\u0101 ar\u012b p\u0101rvaldes un rev\u012bzijas instit\u016bciju s\u0113des, l\u0113mumu pie\u0146em\u0161ana un to protokol\u0113\u0161ana).<\/li>\n<\/ul>\n<\/li>\n<li>Kooperat\u012bvs apstr\u0101d\u0101 <strong>pieg\u0101d\u0101t\u0101ju<\/strong> personas datus \u0161\u0101dos nol\u016bkos:\n<ul>\n<li>Gr\u0101matved\u012bbas organiz\u0101cija un k\u0101rto\u0161ana (gr\u0101matved\u012bbas ilgtermi\u0146a ieguld\u012bjumu uzskaite, materi\u0101lo v\u0113rt\u012bbu izlieto\u0161anas kontrole un nor\u0113\u0137ini ar nor\u0113\u0137inu person\u0101m, bankas oper\u0101ciju veik\u0161ana un to uzskaite, gr\u0101matved\u012bbas uzskaite un re\u0123istru ve\u0161ana, normat\u012bvajos aktos paredz\u0113to ikm\u0113ne\u0161a, ceturk\u0161\u0146a un gada atskai\u0161u snieg\u0161ana valsts iest\u0101d\u0113m, gada p\u0101rskata sagatavo\u0161ana un apstiprin\u0101\u0161ana);<\/li>\n<li>Administrat\u012bv\u0101 un saimniecisk\u0101 darb\u012bba (pre\u010du un pakalpojumu snieg\u0161ana un ieg\u0101des\/ p\u0101rdo\u0161anas dar\u012bjumu nosl\u0113g\u0161ana, apdro\u0161in\u0101\u0161anas l\u012bguma nosl\u0113g\u0161ana un apdro\u0161in\u0101\u0161anas l\u012bguma saist\u012bbu izpilde);<\/li>\n<li>Lai nodro\u0161in\u0101tu Kooperat\u012bva intere\u0161u aizsardz\u012bbu (v\u0113r\u0161an\u0101s ties\u012bbsarg\u0101jo\u0161aj\u0101s iest\u0101d\u0113s un ties\u0101s p\u0101rzi\u0146a intere\u0161u aizsardz\u012bbai, par\u0101du piedzi\u0146a);<\/li>\n<li>Dz\u012bvojamo m\u0101ju p\u0101rvald\u012b\u0161anas funkciju pild\u012b\u0161ana (dz\u012bvojam\u0101s m\u0101jas uztur\u0113\u0161ana (fiziska saglab\u0101\u0161ana) atbilsto\u0161i normat\u012bvo aktu pras\u012bb\u0101m, dz\u012bvojam\u0101s m\u0101jas lietas k\u0101rto\u0161ana, nodro\u0161in\u0101t zemes gabala uztur\u0113\u0161anu atbilsto\u0161i normat\u012bvo aktu pras\u012bb\u0101m, ja dz\u012bvojam\u0101 m\u0101ja atrodas uz citai personai piedero\u0161as zemes);<\/li>\n<li>Darba dro\u0161\u012bbas un ugunsdro\u0161\u012bbas sist\u0113mas izveide un uztur\u0113\u0161ana (dro\u0161\u012bbas sist\u0113mas un ier\u012b\u010du p\u0101rbaude, atbild\u012bgo personu nor\u012bko\u0161ana, darba vides risku izv\u0113rt\u0113\u0161ana, darb\u0101 notiku\u0161u nelaimes gad\u012bjumu izmekl\u0113\u0161ana);<\/li>\n<li>Personas datu apstr\u0101des un aizsardz\u012bbas sist\u0113mas uztur\u0113\u0161ana (inform\u0113\u0161ana par Kooperat\u012bva veikto personas datu apstr\u0101di, datu apstr\u0101des un aizsardz\u012bbas garantijas snieg\u0161ana un ieg\u016b\u0161ana, datu incidentu izmekl\u0113\u0161ana);<\/li>\n<li>Kooperat\u012bva pamatdarb\u012bbas dokumentu aprite (biedru kopsapulces un to protokol\u0113\u0161ana, k\u0101 ar\u012b p\u0101rvaldes un rev\u012bzijas instit\u016bciju s\u0113des, l\u0113mumu pie\u0146em\u0161ana un to protokol\u0113\u0161ana).<\/li>\n<\/ul>\n<\/li>\n<li>Kooperat\u012bvs apstr\u0101d\u0101 <strong>zemes \u012bpa\u0161nieku<\/strong> personas datus \u0161\u0101dos nol\u016bkos:\n<ul>\n<li>Gr\u0101matved\u012bbas organiz\u0101cija un k\u0101rto\u0161ana (bankas oper\u0101ciju veik\u0161ana un to uzskaite, gr\u0101matved\u012bbas re\u0123istru ve\u0161ana un uzskaite, normat\u012bvajos aktos paredz\u0113to ikm\u0113ne\u0161a, ceturk\u0161\u0146a un gada atskai\u0161u snieg\u0161ana valsts iest\u0101d\u0113m);<\/li>\n<li>Lai nodro\u0161in\u0101tu Kooperat\u012bva intere\u0161u aizsardz\u012bbu (v\u0113r\u0161an\u0101s ties\u012bbsarg\u0101jo\u0161aj\u0101s iest\u0101d\u0113s un ties\u0101s p\u0101rzi\u0146a intere\u0161u aizsardz\u012bbai, par\u0101du piedzi\u0146a);<\/li>\n<li>Dz\u012bvojamo m\u0101ju p\u0101rvald\u012b\u0161anas funkciju pild\u012b\u0161ana (iesniegumu un s\u016bdz\u012bbu izskat\u012b\u0161ana, zemes gabala uztur\u0113\u0161anu atbilsto\u0161i normat\u012bvo aktu pras\u012bb\u0101m, ja dz\u012bvojam\u0101 m\u0101ja atrodas uz citai personai piedero\u0161as zemes);<\/li>\n<li>Personas datu apstr\u0101des un aizsardz\u012bbas sist\u0113mas uztur\u0113\u0161ana (inform\u0113\u0161ana par Kooperat\u012bva veikto personas datu apstr\u0101di);<\/li>\n<li>Kooperat\u012bva pamatdarb\u012bbas dokumentu aprite (biedru kopsapulces un to protokol\u0113\u0161ana, p\u0101rvaldes un rev\u012bzijas instit\u016bciju s\u0113des, l\u0113mumu pie\u0146em\u0161ana un to protokol\u0113\u0161ana).<\/li>\n<\/ul>\n<\/li>\n<li>Nomnieku un \u012brnieku, zemes \u012bpa\u0161nieku un pieg\u0101d\u0101t\u0101ju (juridiskas personas) <strong>kontaktpersonu<\/strong> datus Kooperat\u012bvs apstr\u0101d\u0101 saist\u012bb\u0101 ar \u0161o personu, kuras \u0161os personas datus iesniegu\u0161as savu intere\u0161u p\u0101rst\u0101v\u012bbai, l\u012bguma saist\u012bbu izpildi, tam atbilsto\u0161\u0101 apjom\u0101 un termi\u0146\u0101.<\/li>\n<\/ul>\n<\/li>\n<\/ol>\n<p>&nbsp;<\/p>\n<ol start=\"4\">\n<li><strong>K\u0101ds ir datu apstr\u0101des juridiskais pamats?<\/strong>\n<ul>\n<li>Lai izpild\u012btu normat\u012bvajos aktos noteiktos pien\u0101kumus (VDAR 6.panta pirm\u0101s da\u013cas c) apak\u0161punkts). Piem\u0113ram, veicot p\u0101rvald\u012b\u0161anas darb\u012bbas, kuras paredz\u0113tas Dz\u012bvojamo m\u0101ju p\u0101rvald\u012b\u0161anas likum\u0101. T\u0101pat ar\u012b veicot gr\u0101matved\u012bbas uzskaiti saska\u0146\u0101 ar gr\u0101matved\u012bbas uzskaiti reglament\u0113jo\u0161ajiem normat\u012bvajiem aktiem.<\/li>\n<li>Personas datu apstr\u0101de Kooperat\u012bvam ir nepiecie\u0161ama, lai izpild\u012btu p\u0101rvald\u012b\u0161anas l\u012bgum\u0101 paredz\u0113t\u0101s saist\u012bbas, t.i., nosl\u0113dzot l\u012bgumus, ieg\u0101d\u0101joties preces un pakalpojumus, kas nepiecie\u0161ami dz\u012bvojam\u0101s m\u0101jas uztur\u0113\u0161anai (VDAR 6.panta pirm\u0101s da\u013cas b) apak\u0161punkts).<\/li>\n<li>Kooperat\u012bvs veic personas datu apstr\u0101di Kooperat\u012bva le\u0123it\u012bmo intere\u0161u nodro\u0161in\u0101\u0161anai (par\u0101du piedzi\u0146ai; lai nodro\u0161in\u0101tu pier\u0101d\u012bjumus; k\u0101 ar\u012b lai nodro\u0161in\u0101tu efekt\u012bvu finan\u0161u un biznesa uzskaiti un anal\u012btiku atbilsto\u0161i normat\u012bvo aktu pras\u012bb\u0101m; noziedz\u012bgu nodar\u012bjumu atkl\u0101\u0161ana un prettiesiskas r\u012bc\u012bbas nov\u0113r\u0161ana; apkalpo\u0161anas darb\u012bbu kvalit\u0101tes kontrole un uzlabo\u0161ana).<\/li>\n<li>Kooperat\u012bvs izmanto kontaktpersonu datus, kurus Kooperat\u012bvam ir iesniedzis nomnieks un \u012brnieks, pieg\u0101d\u0101t\u0101js vai zemes \u012bpa\u0161nieks, nosl\u0113dzot l\u012bgumu un rakstveid\u0101 apliecinot, ka kontaktpersonu ir inform\u0113jis par personas datu nodo\u0161anu Kooperat\u012bvam l\u012bguma saist\u012bbu izpildei.<\/li>\n<\/ul>\n<\/li>\n<\/ol>\n<p>&nbsp;<\/p>\n<ol start=\"5\">\n<li><strong>Kas ir personas datu sa\u0146\u0113m\u0113ji?<\/strong>\n<ul>\n<li>Kooperat\u012bvs t\u0101 r\u012bc\u012bb\u0101 eso\u0161os personas datus glab\u0101 konfidenci\u0101li un tie var tikt izpausti, stingri iev\u0113rojot normat\u012bvo aktu pras\u012bbas.<\/li>\n<li>Personas dati var tikt izpausti Kooperat\u012bva darbiniekiem, kuriem tie ir nepiecie\u0161ami vi\u0146u tie\u0161o darba pien\u0101kumu pild\u012b\u0161anai un kuri rakstveid\u0101 ap\u0146\u0113mu\u0161ies iev\u0113rot konfidencialit\u0101ti.<\/li>\n<li>Kooperat\u012bva r\u012bc\u012bb\u0101 eso\u0161ie personas dati var tikt izpausti juridisko pakalpojumu sniedz\u0113jiem, inform\u0101cijas tehnolo\u0123iju pakalpojumu sniedz\u0113jiem (kuri nodro\u0161ina Kooperat\u012bva tehnisko resursu darb\u012bbu), drukas un aplok\u0161\u0146o\u0161anas pakalpojumu sniedz\u0113jiem, kred\u012btiest\u0101d\u0113m maks\u0101jumu administr\u0113\u0161anai un rev\u012bzijas instit\u016bcij\u0101m p\u0101rbau\u017eu veik\u0161anai.<\/li>\n<li>Kooperat\u012bvs personas datus var nodot valsts un pa\u0161vald\u012bbu iest\u0101d\u0113m un ties\u012bbsarg\u0101jo\u0161\u0101m iest\u0101d\u0113m p\u0113c to piepras\u012bjuma, ja personas datu apstr\u0101de t\u0101m ir nepiecie\u0161ama saska\u0146\u0101 ar normat\u012bvajiem aktiem.<\/li>\n<\/ul>\n<\/li>\n<\/ol>\n<p>&nbsp;<\/p>\n<ol start=\"6\">\n<li><strong>Kooperat\u012bvs glab\u0101 personas datus tik ilgi, kam\u0113r Kooperat\u012bvam past\u0101v juridisks pamats glab\u0101t personas datus: <\/strong>\n<ul>\n<li>iev\u0113rojot gr\u0101matved\u012bbu reglament\u0113jo\u0161ajos normat\u012bvajos aktos noteiktos glab\u0101\u0161anas termi\u0146us. Piem\u0113ram, likum\u0101 \u201cPar gr\u0101matved\u012bbu\u201d 10.pant\u0101 gr\u0101matved\u012bbas attaisnojuma dokumentiem noteiktais glab\u0101\u0161anas termi\u0146\u0161 ir 5 gadi;<\/li>\n<li>kam\u0113r \u0101r\u0113jos normat\u012bvajos aktos noteiktaj\u0101 k\u0101rt\u012bb\u0101 Kooperat\u012bvs, t\u0101 biedrs, klients vai maks\u0101jumu veic\u0113js var realiz\u0113t savas le\u0123it\u012bm\u0101s intereses (piem\u0113ram, iesniegt iebildumus, celt vai vest pras\u012bbu ties\u0101) \u2013 piem\u0113ram, Civillikuma pants paredz 10 gadu noilgumu, bet saska\u0146\u0101 ar Komerclikuma 406.pantu no komercdar\u012bjuma izrieto\u0161ie pras\u012bjumi noilgst 3 gadu laik\u0101.<\/li>\n<\/ul>\n<\/li>\n<\/ol>\n<p>&nbsp;<\/p>\n<ol start=\"7\">\n<li><strong>Kooperat\u012bvs personas datus nenos\u016bta uz tre\u0161aj\u0101m valst\u012bm vai starptautiskaj\u0101m organiz\u0101cij\u0101m<\/strong>.<\/li>\n<\/ol>\n<p>&nbsp;<\/p>\n<ol start=\"8\">\n<li><strong>Sazinoties ar p\u0101rzini, t.i., Kooperat\u012bvu, izmantojot \u0161\u012bs Priv\u0101tuma politikas 1.punkt\u0101 nor\u0101d\u012bto kontaktinform\u0101ciju, saska\u0146\u0101 ar VDAR datu subjekts, t.i., pieg\u0101d\u0101t\u0101js, nomnieks, \u012brnieks vai zemes \u012bpa\u0161nieks, ir ties\u012bgs no Kooperat\u012bva pras\u012bt:<\/strong>\n<ul>\n<li><strong>piek\u013cuvi <\/strong>datu subjekta personas datiem, izsniegt P\u0101rzi\u0146a r\u012bc\u012bb\u0101 eso\u0161os datu subjekta personas datus;<\/li>\n<li>datu subjekta personas datu <strong>labo\u0161anu vai dz\u0113\u0161anu<\/strong>;<\/li>\n<li><strong>ierobe\u017eot <\/strong>(uz noteiktu laiku aptur\u0113t) noteikta veida vai visu datu subjekta personas datu apstr\u0101di;<\/li>\n<li><strong>p\u0101rtraukt<\/strong> automatiz\u0113tu datu subjekta personas datu apstr\u0101di (automatiz\u0113tu individu\u0101lu l\u0113mumu pie\u0146em\u0161anu attiec\u012bb\u0101 uz klientu). Kooperat\u012bvs neveic profil\u0113\u0161anu;<\/li>\n<li>pras\u012bt personas datu <strong>p\u0101rnesam\u012bbu <\/strong>VDAR noteiktajos gad\u012bjumos.<\/li>\n<\/ul>\n<\/li>\n<\/ol>\n<p>&nbsp;<\/p>\n<ol start=\"9\">\n<li><strong>Datu subjektam, t.i., pieg\u0101d\u0101t\u0101jam, nomniekam, \u012brniekam vai zemes \u012bpa\u0161niekam, \u00a0ir \u0161\u0101das ties\u012bbas<\/strong> saist\u012bb\u0101 ar <strong>Kooperat\u012bva<\/strong> veikto personas datu apstr\u0101di, <strong>ja apstr\u0101de veikta pamatojoties uz datu subjekta piekri\u0161anu:<\/strong>\n<ul>\n<li>Ja personas datu apstr\u0101de balst\u0101s uz datu subjekta piekri\u0161anu, datu subjektam ir ties\u012bbas izv\u0113l\u0113ties, k\u0101d\u0101 apjom\u0101 un k\u0101dus datus iesniegt Kooperat\u012bvam, k\u0101 ar\u012b jebkur\u0101 br\u012bd\u012b atsaukt piekri\u0161anu savu personas datu apstr\u0101dei piln\u012bb\u0101 vai da\u013c\u0101, l\u016bdzot Kooperat\u012bvam izbeigt visu datu subjekta personas datu vai noteiktas da\u013cas datu subjekta personas datu apstr\u0101di. Piekri\u0161anas atsauk\u0161ana neietekm\u0113 l\u012bdz atsauk\u0161anai veikt\u0101s datu subjekta personas datu apstr\u0101des tiesiskumu;<\/li>\n<li>\u0145emot v\u0113r\u0101 to, ka Kooperat\u012bvam ir nepiecie\u0161ams nep\u0101rprotami identific\u0113t datu subjektu, kur\u0161 piln\u012bb\u0101 vai da\u013c\u0113ji atsauc piekri\u0161anu personas datu apstr\u0101dei, atsaukumu, kur\u0101 nor\u0101d\u012bti datu subjekta identifik\u0101cijas dati, t.sk. v\u0101rds, uzv\u0101rds, datums, k\u0101 ar\u012b apjoms, k\u0101d\u0101 datu subjekta piekri\u0161ana datu apstr\u0101dei tiek atsaukta, datu subjekts var iesniegt k\u0101d\u0101 no turpm\u0101k min\u0113tajiem veidiem: 1) nos\u016btot pa\u0161roc\u012bgi parakst\u012btu atsaukumu uz \u0161\u012bs Priv\u0101tuma politikas 1.punkt\u0101 nor\u0101d\u012bto Kooperat\u012bva juridisko adresi; 2) nos\u016btot atsaukumu, kas parakst\u012bts ar pacienta dro\u0161u elektronisko parakstu, uz \u0161\u012bs Priv\u0101tuma politikas 1.punkt\u0101 nor\u0101d\u012bto Kooperat\u012bva e-pasta adresi; 3) ierodoties person\u012bgi Kooperat\u012bva biroj\u0101 un uzr\u0101dot personu apliecino\u0161u dokumentu;<\/li>\n<li>Kooperat\u012bvs neveic personas datu apstr\u0101di pamatojoties uz datu subjekta piekri\u0161anu.<\/li>\n<\/ul>\n<\/li>\n<\/ol>\n<p>&nbsp;<\/p>\n<ol start=\"10\">\n<li><strong>Datu subjektam, t.i., pieg\u0101d\u0101t\u0101jam, nomniekam, \u012brniekam vai zemes \u012bpa\u0161niekam, ir ties\u012bbas<\/strong> ieg\u016bt no Kooperat\u012bva inform\u0101ciju par datu subjekta personas datu nodo\u0161anas tre\u0161aj\u0101m person\u0101m faktu un par person\u0101m (fizisk\u0101m vai juridisk\u0101m) un\/vai valsts instit\u016bcij\u0101m, kur\u0101m Kooperat\u012bvs ir sniedzis jebk\u0101du inform\u0101ciju saist\u012bb\u0101 ar konkr\u0113t\u0101 datu subjekta personas datiem (iz\u0146emot gad\u012bjumus, ja \u0161\u0101da inform\u0101cija sniegta, pamatojoties uz operat\u012bv\u0101s darb\u012bbas subjekta vai citas kompetentas instit\u016bcijas piepras\u012bjumu un ties\u012bbu akti tie\u0161i liedz izpaust attiec\u012bgo inform\u0101ciju).<\/li>\n<\/ol>\n<p>&nbsp;<\/p>\n<ol start=\"11\">\n<li>Jaut\u0101jumu gad\u012bjum\u0101 saist\u012bb\u0101 ar Kooperat\u012bva veikto personas datu apstr\u0101di vai aizsardz\u012bbu datu subjektam ir ties\u012bbas v\u0113rsties ar\u012b pie Kooperat\u012bva, izmantojot \u0161\u012bs priv\u0101tuma politikas 1.punkt\u0101 nor\u0101d\u012bto kontaktinform\u0101ciju.<\/li>\n<\/ol>\n<p>&nbsp;<\/p>\n<ol start=\"12\">\n<li>Domstarp\u012bbu gad\u012bjum\u0101 saist\u012bb\u0101 ar Kooperat\u012bva veikto personas datu apstr\u0101di datu subjektam ir <strong>ties\u012bbas iesniegt s\u016bdz\u012bbu uzraudz\u012bbas iest\u0101dei \u2013 Datu valsts inspekcijai<\/strong>.<\/li>\n<\/ol>\n<p>&nbsp;<\/p>\n<ol start=\"13\">\n<li>Kooperat\u012bvs var veikt izmai\u0146as \u0161aj\u0101 Priv\u0101tuma politik\u0101, ja main\u0101s apstr\u0101d\u0101to personas datu apjoms, veids vai apst\u0101k\u013ci, k\u0101dos tiek veikta personas datu apstr\u0101de. \u0160\u0101d\u0101 gad\u012bjum\u0101 Kooperat\u012bvs datu subjektiem sniegs attiec\u012bgu inform\u0101ciju.<\/li>\n<\/ol>\n<h3 style=\"text-align: center;\"><a href=\"https:\/\/www.jubilejas.lv\/wp-content\/uploads\/2022\/08\/privatuma.politika_nomnieki.zemes_.ip_.piegadataji.doc\" target=\"_blank\" rel=\"noopener\">PDF Versija<\/a><\/h3>\n","protected":false},"excerpt":{"rendered":"<p>PRIV\u0100TUMA POLITIKA \u00a0 \u0160\u012bs priv\u0101tuma politikas m\u0113r\u0137is ir sniegt fizisk\u0101m person\u0101m (datu subjektiem) \u2013 Dz\u012bvok\u013cu \u012bpa\u0161nieku kooperat\u012bv\u0101s sabiedr\u012bbas \u201cJubilejas\u201d pieg\u0101d\u0101t\u0101jiem, nomniekiem, \u012brniekiem un zemes \u012bpa\u0161niekiem inform\u0101ciju par personas datu apstr\u0101des &#8230;<\/p>\n","protected":false},"author":1,"featured_media":1026,"parent":0,"menu_order":0,"comment_status":"closed","ping_status":"closed","template":"","meta":{"footnotes":""},"class_list":["post-1048","page","type-page","status-publish","has-post-thumbnail","hentry"],"_links":{"self":[{"href":"https:\/\/www.jubilejas.lv\/ru\/wp-json\/wp\/v2\/pages\/1048","targetHints":{"allow":["GET"]}}],"collection":[{"href":"https:\/\/www.jubilejas.lv\/ru\/wp-json\/wp\/v2\/pages"}],"about":[{"href":"https:\/\/www.jubilejas.lv\/ru\/wp-json\/wp\/v2\/types\/page"}],"author":[{"embeddable":true,"href":"https:\/\/www.jubilejas.lv\/ru\/wp-json\/wp\/v2\/users\/1"}],"replies":[{"embeddable":true,"href":"https:\/\/www.jubilejas.lv\/ru\/wp-json\/wp\/v2\/comments?post=1048"}],"version-history":[{"count":3,"href":"https:\/\/www.jubilejas.lv\/ru\/wp-json\/wp\/v2\/pages\/1048\/revisions"}],"predecessor-version":[{"id":1064,"href":"https:\/\/www.jubilejas.lv\/ru\/wp-json\/wp\/v2\/pages\/1048\/revisions\/1064"}],"wp:featuredmedia":[{"embeddable":true,"href":"https:\/\/www.jubilejas.lv\/ru\/wp-json\/wp\/v2\/media\/1026"}],"wp:attachment":[{"href":"https:\/\/www.jubilejas.lv\/ru\/wp-json\/wp\/v2\/media?parent=1048"}],"curies":[{"name":"wp","href":"https:\/\/api.w.org\/{rel}","templated":true}]}}