{"id":1040,"date":"2022-08-09T12:16:44","date_gmt":"2022-08-09T10:16:44","guid":{"rendered":"https:\/\/www.jubilejas.lv\/ru\/?page_id=1040"},"modified":"2022-08-09T12:34:57","modified_gmt":"2022-08-09T10:34:57","slug":"sikdatnes","status":"publish","type":"page","link":"https:\/\/www.jubilejas.lv\/ru\/sikdatnes\/","title":{"rendered":"S\u012aKDATNES"},"content":{"rendered":"<p><strong>PAZI\u0145OJUMS PAR S\u012aKDATN\u0112M<\/strong><\/p>\n<p><strong>www.jubilejas.lv<\/strong><\/p>\n<p><strong>\u00a0<\/strong><\/p>\n<p><strong>KAS IR S\u012aKDATNES?<\/strong><\/p>\n<p>S\u012bkdatne ir neliela teksta datne, kas tiek nos\u016bt\u012bta uz J\u016bsu datoru vai mobilo iek\u0101rtu t\u012bmek\u013ca vietnes apmekl\u0113\u0161anas laik\u0101 un ko t\u012bmek\u013ca vietne saglab\u0101 J\u016bsu dator\u0101 vai mobilaj\u0101 ier\u012bc\u0113, kad j\u016bs atverat vietni.\u00a0Katr\u0101 turpm\u0101kaj\u0101 apmekl\u0113juma reiz\u0113 s\u012bkdatnes tiek nos\u016bt\u012btas atpaka\u013c uz izcelsmes m\u0101jas lapu vai uz citu m\u0101jas lapu, kas atpaz\u012bst \u0161o s\u012bkdatni. S\u012bkdatnes var darboties ar\u012b k\u0101 konkr\u0113tas m\u0101jas lapas atmi\u0146a, \u013caujot \u0161ai lapai atcer\u0113ties J\u016bsu datoru n\u0101kamaj\u0101s apmekl\u0113juma reiz\u0113s, tai skait\u0101 s\u012bkdatnes var atcer\u0113ties J\u016bsu iestat\u012bjumus vai uzlabot lietot\u0101ja \u0113rt\u012bbas.<\/p>\n<p>&nbsp;<\/p>\n<p><strong>IZMANTOTO S\u012aKDAT\u0145U VEIDS<\/strong><\/p>\n<p><strong>Dz\u012bvok\u013cu \u012bpa\u0161nieku kooperat\u012bv\u0101 sabiedr\u012bba \u201cJubilejas\u201d<\/strong> izmanto s\u012bkdatnes \u0161\u0101diem nol\u016bkiem:<\/p>\n<ul>\n<li><strong>Uzst\u0101d\u012bjumu s\u012bkdatnes <\/strong>dod iesp\u0113ju t\u012bmek\u013ca vietnei atcer\u0113ties inform\u0101ciju par to, k\u0101 t\u012bmek\u013ca vietne darbojas vai izskat\u0101s, k\u0101, piem\u0113ram, v\u0113lamo valodu.<\/li>\n<\/ul>\n<table width=\"662\">\n<tbody>\n<tr>\n<td width=\"161\"><strong>S\u012bkdatnes nosaukums<\/strong><\/td>\n<td width=\"94\"><strong>Nodro\u0161ina<\/strong><\/td>\n<td width=\"132\"><strong>Avots<\/strong><\/td>\n<td width=\"76\"><strong>S\u012bkdatnes tips<\/strong><\/td>\n<td width=\"113\"><strong>S\u012bkdatnes apraksts, m\u0113r\u0137is<\/strong><\/td>\n<td width=\"85\"><strong>S\u012bkdatnes der\u012bguma termi\u0146\u0161<\/strong><\/td>\n<\/tr>\n<tr>\n<td width=\"161\">_icl_current_languagr<\/td>\n<td width=\"94\">jubilejas.lv<\/td>\n<td width=\"132\">jubilejas.lv<\/td>\n<td width=\"76\">HTTP<\/td>\n<td width=\"113\">Atceras m\u0101jas lapas versijai lietot\u0101ja uzst\u0101d\u012bto valodu.<\/td>\n<td width=\"85\">1 diena<\/td>\n<\/tr>\n<\/tbody>\n<\/table>\n<p>&nbsp;<\/p>\n<p>&nbsp;<\/p>\n<p><strong>S\u012aKDAT\u0145U IESTAT\u012aJUMU IZMAI\u0145AS J\u016aSU DATOR\u0100<\/strong><\/p>\n<p>S\u012bkdat\u0146u iestat\u012bjumus J\u016bs varat main\u012bt jebkur\u0101 laik\u0101 savas ier\u012bces Interneta p\u0101rl\u016bkprogramm\u0101. Piem\u0113ram, J\u016bs varat atcelt doto piekri\u0161anu s\u012bkdat\u0146u saglab\u0101\u0161anai atz\u012bm\u0113jot sav\u0101 p\u0101rl\u016bkprogramm\u0101 funkciju, kas \u013cauj noraid\u012bt visus s\u012bkdat\u0146u saglab\u0101\u0161anas priek\u0161likumus. \u0160os iestat\u012bjumus J\u016bs varat atrast savas interneta p\u0101rl\u016bkprogrammas izv\u0113ln\u0113s &#171;Iesp\u0113jas&#187; vai &#171;Preferences&#187;. Vair\u0101k inform\u0101cijas par to k\u0101 konfigur\u0113t savas ier\u012bces Interneta p\u0101rl\u016bkprogrammu J\u016bs varat atrast zem\u0101k nor\u0101d\u012btaj\u0101s Interneta p\u0101rl\u016bkprogrammu m\u0101jas lap\u0101s. Vienlaikus v\u0113r\u0161am uzman\u012bbu, ka s\u012bkdat\u0146u deaktiv\u0113\u0161ana vai \u0137eks\u012b\u0161a no\u0146em\u0161ana var novest pie vietnes samazin\u0101tas pakalpojumu pieejam\u012bbas un \u0113rt\u012bbas.<\/p>\n<ul>\n<li>Apple Safari:\u00a0<a href=\"https:\/\/support.apple.com\/en-gb\/HT201265\">https:\/\/support.apple.com\/en-gb\/HT201265<\/a><\/li>\n<li>GoogleChrome:<a href=\"https:\/\/support.google.com\/chrome\/answer\/95647?co=GENIE.Platform%3DDesktop&amp;hl=en%C2%A0\">https:\/\/support.google.com\/chrome\/answer\/95647?co=GENIE.Platform%3DDesktop&amp;hl=en\u00a0<\/a><\/li>\n<li>Internet Explorer:\u00a0<a href=\"https:\/\/support.microsoft.com\/en-us\/help\/17442\/windows-internet-explorer-delete-manage-cookies%C2%A0\">https:\/\/support.microsoft.com\/en-us\/help\/17442\/windows-internet-explorer-delete-manage-cookies\u00a0<\/a><\/li>\n<li>Mozilla Firefox:\u00a0<a href=\"https:\/\/support.mozilla.org\/en-US\/kb\/delete-cookies-remove-info-websites-stored\">https:\/\/support.mozilla.org\/en-US\/kb\/delete-cookies-remove-info-websites-stored<\/a><\/li>\n<\/ul>\n<p>&nbsp;<\/p>\n<p><strong>CITA INFORM\u0100CIJA<\/strong><\/p>\n<p>Personas datu p\u0101rzinis<strong> \u2013 Dz\u012bvok\u013cu \u012bpa\u0161nieku kooperat\u012bv\u0101 sabiedr\u012bba \u201cJubilejas\u201d, re\u0123istr\u0101cijas Nr.4000309461 (turpm\u0101k \u2013 Kooperat\u012bvs)<\/strong>. <strong>P\u0101rzi\u0146a kontaktinform\u0101cija<\/strong> \u2013 juridisk\u0101 adrese: Andreja Saharova iela 3-1, R\u012bga, LV-1082; t\u0101lr. +371 29447141; e-pasts: <a href=\"mailto:jubilejas@jubilejas.lv\">jubilejas@jubilejas.lv<\/a><\/p>\n<p>Jums ir ties\u012bbas l\u016bgt Kooperat\u012bvam izsniegt Jums Kooperat\u012bva r\u012bc\u012bb\u0101 eso\u0161os datus par Jums; labot, dz\u0113st vai papildin\u0101t personas datus atbilsto\u0161i J\u016bsu nor\u0101d\u0113m, savu l\u016bgumu pamatojot; ierobe\u017eot (uz noteiktu laiku aptur\u0113t) noteikta veida vai visu datu apstr\u0101di; p\u0101rtraukt automatiz\u0113tu datu apstr\u0101di; pras\u012bt datu p\u0101rnesam\u012bbu Visp\u0101r\u012bgaj\u0101 datu aizsardz\u012bbas regul\u0101 noteiktajos gad\u012bjumos.<\/p>\n<p>Domstarp\u012bbu gad\u012bjum\u0101 saist\u012bb\u0101 ar Kooperat\u012bva veikto personas datu apstr\u0101di Jums ir ties\u012bbas iesniegt s\u016bdz\u012bbu uzraudz\u012bbas iest\u0101dei \u2013 Datu valsts inspekcijai.<\/p>\n<p>S\u012bk\u0101ku inform\u0101ciju par p\u0101rzi\u0146a, t.i.,\u00a0 Kooperat\u012bva, veikto personas datu apstr\u0101di, k\u0101 ar\u012b J\u016bsu ties\u012bb\u0101m, J\u016bs varat ieg\u016bt t\u012bmek\u013ca vietnes <a href=\"http:\/\/www.jubilejas.lv\">www.jubilejas.lv<\/a> sada\u013c\u0101 \u201cPriv\u0101tuma politika\u201d vai person\u012bgi sazinoties ar Kooperat\u012bvu, izmantojot augst\u0101k min\u0113to kontaktinform\u0101ciju.<\/p>\n<p>Kooperat\u012bvs var veikt izmai\u0146as \u0161aj\u0101 s\u012bkdat\u0146u deklar\u0101cij\u0101 p\u0113c saviem ieskatiem, ja \u0161\u0101das izmai\u0146as atbilst normat\u012bvo aktu pras\u012bb\u0101m personas datu aizsardz\u012bbas jom\u0101. Labojumi st\u0101jas sp\u0113k\u0101 p\u0113c to public\u0113\u0161anas Kooperat\u012bva interneta m\u0101jas lap\u0101 <a href=\"http:\/\/www.jubilejas.lv\">www.jubilejas.lv<\/a>.<\/p>\n<p>S\u012bkdat\u0146u deklar\u0101cija p\u0113d\u0113jo reizi atjaunin\u0101ta 09.08.2022.<\/p>\n<h3 style=\"text-align: center;\"><a href=\"https:\/\/www.jubilejas.lv\/wp-content\/uploads\/2022\/08\/sikdatnes.doc\" target=\"_blank\" rel=\"noopener\">PDF Versija<\/a><\/h3>\n<p>&nbsp;<\/p>\n<p>&nbsp;<\/p>\n","protected":false},"excerpt":{"rendered":"<p>PAZI\u0145OJUMS PAR S\u012aKDATN\u0112M www.jubilejas.lv \u00a0 KAS IR S\u012aKDATNES? S\u012bkdatne ir neliela teksta datne, kas tiek nos\u016bt\u012bta uz J\u016bsu datoru vai mobilo iek\u0101rtu t\u012bmek\u013ca vietnes apmekl\u0113\u0161anas laik\u0101 un ko t\u012bmek\u013ca vietne &#8230;<\/p>\n","protected":false},"author":1,"featured_media":1026,"parent":0,"menu_order":0,"comment_status":"closed","ping_status":"closed","template":"","meta":{"footnotes":""},"class_list":["post-1040","page","type-page","status-publish","has-post-thumbnail","hentry"],"_links":{"self":[{"href":"https:\/\/www.jubilejas.lv\/ru\/wp-json\/wp\/v2\/pages\/1040","targetHints":{"allow":["GET"]}}],"collection":[{"href":"https:\/\/www.jubilejas.lv\/ru\/wp-json\/wp\/v2\/pages"}],"about":[{"href":"https:\/\/www.jubilejas.lv\/ru\/wp-json\/wp\/v2\/types\/page"}],"author":[{"embeddable":true,"href":"https:\/\/www.jubilejas.lv\/ru\/wp-json\/wp\/v2\/users\/1"}],"replies":[{"embeddable":true,"href":"https:\/\/www.jubilejas.lv\/ru\/wp-json\/wp\/v2\/comments?post=1040"}],"version-history":[{"count":2,"href":"https:\/\/www.jubilejas.lv\/ru\/wp-json\/wp\/v2\/pages\/1040\/revisions"}],"predecessor-version":[{"id":1062,"href":"https:\/\/www.jubilejas.lv\/ru\/wp-json\/wp\/v2\/pages\/1040\/revisions\/1062"}],"wp:featuredmedia":[{"embeddable":true,"href":"https:\/\/www.jubilejas.lv\/ru\/wp-json\/wp\/v2\/media\/1026"}],"wp:attachment":[{"href":"https:\/\/www.jubilejas.lv\/ru\/wp-json\/wp\/v2\/media?parent=1040"}],"curies":[{"name":"wp","href":"https:\/\/api.w.org\/{rel}","templated":true}]}}